{"id":171,"date":"2025-12-04T10:23:26","date_gmt":"2025-12-04T10:23:26","guid":{"rendered":"https:\/\/guardioesdasaude.pt\/?page_id=171"},"modified":"2025-12-04T11:53:14","modified_gmt":"2025-12-04T11:53:14","slug":"registo","status":"publish","type":"page","link":"https:\/\/guardioesdasaude.pt\/?page_id=171","title":{"rendered":"Registo"},"content":{"rendered":"\t\t<div data-elementor-type=\"wp-page\" data-elementor-id=\"171\" class=\"elementor elementor-171\" data-elementor-post-type=\"page\">\n\t\t\t\t<div data-particle_enable=\"false\" data-particle-mobile-disabled=\"false\" class=\"elementor-element elementor-element-29e26d2 e-grid e-con-boxed e-con e-parent\" data-id=\"29e26d2\" data-element_type=\"container\" data-e-type=\"container\" data-settings=\"{&quot;background_background&quot;:&quot;classic&quot;}\">\n\t\t\t\t\t<div class=\"e-con-inner\">\n\t\t<div data-particle_enable=\"false\" data-particle-mobile-disabled=\"false\" class=\"elementor-element elementor-element-33a8f52 e-con-full e-flex e-con e-child\" data-id=\"33a8f52\" data-element_type=\"container\" data-e-type=\"container\" data-settings=\"{&quot;background_background&quot;:&quot;classic&quot;}\">\n\t\t\t\t<div class=\"elementor-element elementor-element-78711b6 elementor-widget elementor-widget-image\" data-id=\"78711b6\" data-element_type=\"widget\" data-e-type=\"widget\" data-widget_type=\"image.default\">\n\t\t\t\t\t\t\t\t\t\t\t\t\t\t\t<img fetchpriority=\"high\" decoding=\"async\" width=\"650\" height=\"624\" src=\"https:\/\/guardioesdasaude.pt\/wp-content\/uploads\/2025\/09\/herois-hta-triplo.png\" class=\"attachment-large size-large wp-image-23\" alt=\"\" srcset=\"https:\/\/guardioesdasaude.pt\/wp-content\/uploads\/2025\/09\/herois-hta-triplo.png 650w, https:\/\/guardioesdasaude.pt\/wp-content\/uploads\/2025\/09\/herois-hta-triplo-300x288.png 300w\" sizes=\"(max-width: 650px) 100vw, 650px\" \/>\t\t\t\t\t\t\t\t\t\t\t\t\t\t\t<\/div>\n\t\t\t\t<\/div>\n\t\t<div data-particle_enable=\"false\" data-particle-mobile-disabled=\"false\" class=\"elementor-element elementor-element-46516da e-con-full e-flex e-con e-child\" data-id=\"46516da\" data-element_type=\"container\" data-e-type=\"container\">\n\t\t\t\t<div class=\"elementor-element elementor-element-8923083 elementor-widget elementor-widget-heading\" data-id=\"8923083\" data-element_type=\"widget\" data-e-type=\"widget\" data-widget_type=\"heading.default\">\n\t\t\t\t\t<h2 class=\"elementor-heading-title elementor-size-default\">Registo<\/h2>\t\t\t\t<\/div>\n\t\t\t\t<div class=\"elementor-element elementor-element-e319b85 elementor-widget elementor-widget-text-editor\" data-id=\"e319b85\" data-element_type=\"widget\" data-e-type=\"widget\" data-widget_type=\"text-editor.default\">\n\t\t\t\t\t\t\t\t\t<p>Fa\u00e7a o seu registo aqui<\/p>\t\t\t\t\t\t\t\t<\/div>\n\t\t\t\t<div class=\"elementor-element elementor-element-165d866 form-shortcode elementor-widget elementor-widget-shortcode\" data-id=\"165d866\" data-element_type=\"widget\" data-e-type=\"widget\" data-widget_type=\"shortcode.default\">\n\t\t\t\t\t\t\t<div class=\"elementor-shortcode\">\n<div class=\"um um-register um-213\">\n\t<div class=\"um-form\" data-mode=\"register\">\n\t\t<form method=\"post\" action=\"\">\n\t\t\t<div class=\"um-row _um_row_1 \" style=\"margin: 0 0 30px 0;\"><div class=\"um-col-1\"><div  id=\"um_field_213_first_name\" class=\"um-field um-field-text  um-field-first_name um-field-text um-field-type_text\" data-key=\"first_name\"><div class=\"um-field-label\"><label for=\"first_name-213\">Nome<\/label><div class=\"um-clear\"><\/div><\/div><div class=\"um-field-area\"><input  autocomplete=\"off\" class=\"um-form-field valid not-required \" type=\"text\" name=\"first_name-213\" id=\"first_name-213\" value=\"\" placeholder=\"John Doe\" data-validate=\"\" data-key=\"first_name\"  aria-invalid=\"false\" \/>\n\n\t\t\t\t\t\t<\/div><\/div><div  id=\"um_field_213_user_email\" class=\"um-field um-field-text  um-field-user_email um-field-text um-field-type_text\" data-key=\"user_email\"><div class=\"um-field-label\"><label for=\"user_email-213\">E-mail<\/label><div class=\"um-clear\"><\/div><\/div><div class=\"um-field-area\"><input  autocomplete=\"off\" class=\"um-form-field valid not-required \" type=\"text\" name=\"user_email-213\" id=\"user_email-213\" value=\"\" placeholder=\"exemplo@mail.pt\" data-validate=\"unique_email\" data-key=\"user_email\"  aria-invalid=\"false\" \/>\n\n\t\t\t\t\t\t<\/div><\/div><div  id=\"um_field_213_user_password\" class=\"um-field um-field-password  um-field-user_password um-field-password um-field-type_password\" data-key=\"user_password\"><div class=\"um-field-label\"><label for=\"user_password-213\">Password<\/label><div class=\"um-clear\"><\/div><\/div><div class=\"um-field-area\"><input class=\"um-form-field valid \" type=\"password\" name=\"user_password-213\" id=\"user_password-213\" value=\"\" placeholder=\"******\" data-validate=\"\" data-key=\"user_password\"  aria-invalid=\"false\" \/>\n\n\t\t\t\t\t\t\t<\/div><\/div><div  id=\"um_field_213_confirm_user_password\" class=\"um-field um-field-password  um-field-user_password um-field-password um-field-type_password\" data-key=\"confirm_user_password\"><div class=\"um-field-label\"><label for=\"confirm_user_password-213\">Confirmar password<\/label><div class=\"um-clear\"><\/div><\/div><div class=\"um-field-area\"><input class=\"um-form-field valid \" type=\"password\" name=\"confirm_user_password-213\" id=\"confirm_user_password-213\" value=\"\" placeholder=\"Confirmar password\" data-validate=\"\" data-key=\"confirm_user_password\"  aria-invalid=\"false\" \/><\/div><\/div><\/div><\/div>\t<input type=\"hidden\" name=\"form_id\" id=\"form_id_213\" value=\"213\" \/>\n\t\t<p class=\"um_request_name\">\n\t\t<label for=\"um_request_213\">Only fill in if you are not human<\/label>\n\t\t<input type=\"hidden\" name=\"um_request\" id=\"um_request_213\" class=\"input\" value=\"\" size=\"25\" autocomplete=\"off\" \/>\n\t<\/p>\n\t<input type=\"hidden\" id=\"_wpnonce\" name=\"_wpnonce\" value=\"f2c75771db\" \/><input type=\"hidden\" name=\"_wp_http_referer\" value=\"\/index.php?rest_route=%2Fwp%2Fv2%2Fpages%2F171\" \/>\n\t<div class=\"um-col-alt\">\n\n\t\t\n\t\t\t<div class=\"um-center\">\n\t\t\t\t<input type=\"submit\" value=\"Submeter\" class=\"um-button\" id=\"um-submit-btn\" \/>\n\t\t\t<\/div>\n\n\t\t\n\t\t<div class=\"um-clear\"><\/div>\n\n\t<\/div>\n\n\t\t\t<\/form>\n\t<\/div>\n<\/div>\n<style>\n\t\t\t.um-213.um {\n\t\t\tmax-width: 450px;\n\t\t}\n\t\t<\/style>\n<\/div>\n\t\t\t\t\t\t<\/div>\n\t\t\t\t<\/div>\n\t\t\t\t\t<\/div>\n\t\t\t\t<\/div>\n\t\t\t\t<\/div>\n\t\t","protected":false},"excerpt":{"rendered":"<p>Registo Fa\u00e7a o seu registo aqui<\/p>\n","protected":false},"author":1,"featured_media":0,"parent":0,"menu_order":0,"comment_status":"closed","ping_status":"closed","template":"elementor_header_footer","meta":{"footnotes":""},"class_list":["post-171","page","type-page","status-publish"],"yoast_head":"<!-- This site is optimized with the Yoast SEO plugin v27.3 - https:\/\/yoast.com\/product\/yoast-seo-wordpress\/ -->\n<title>Registo - Guardi\u00f5es da Sa\u00fade<\/title>\n<meta name=\"robots\" content=\"index, follow, max-snippet:-1, max-image-preview:large, max-video-preview:-1\" \/>\n<link rel=\"canonical\" href=\"https:\/\/guardioesdasaude.pt\/?page_id=171\" \/>\n<meta property=\"og:locale\" content=\"pt_PT\" \/>\n<meta property=\"og:type\" content=\"article\" \/>\n<meta property=\"og:title\" content=\"Registo - Guardi\u00f5es da Sa\u00fade\" \/>\n<meta property=\"og:description\" content=\"Registo Fa\u00e7a o seu registo aqui\" \/>\n<meta property=\"og:url\" content=\"https:\/\/guardioesdasaude.pt\/?page_id=171\" \/>\n<meta property=\"og:site_name\" content=\"Guardi\u00f5es da Sa\u00fade\" \/>\n<meta property=\"article:modified_time\" content=\"2025-12-04T11:53:14+00:00\" \/>\n<meta property=\"og:image\" content=\"https:\/\/guardioesdasaude.pt\/wp-content\/uploads\/2025\/09\/herois-hta-triplo.png\" \/>\n\t<meta property=\"og:image:width\" content=\"650\" \/>\n\t<meta property=\"og:image:height\" content=\"624\" \/>\n\t<meta property=\"og:image:type\" content=\"image\/png\" \/>\n<meta name=\"twitter:card\" content=\"summary_large_image\" \/>\n<script type=\"application\/ld+json\" class=\"yoast-schema-graph\">{\"@context\":\"https:\\\/\\\/schema.org\",\"@graph\":[{\"@type\":\"WebPage\",\"@id\":\"https:\\\/\\\/guardioesdasaude.pt\\\/?page_id=171\",\"url\":\"https:\\\/\\\/guardioesdasaude.pt\\\/?page_id=171\",\"name\":\"Registo - Guardi\u00f5es da Sa\u00fade\",\"isPartOf\":{\"@id\":\"https:\\\/\\\/guardioesdasaude.pt\\\/#website\"},\"primaryImageOfPage\":{\"@id\":\"https:\\\/\\\/guardioesdasaude.pt\\\/?page_id=171#primaryimage\"},\"image\":{\"@id\":\"https:\\\/\\\/guardioesdasaude.pt\\\/?page_id=171#primaryimage\"},\"thumbnailUrl\":\"https:\\\/\\\/guardioesdasaude.pt\\\/wp-content\\\/uploads\\\/2025\\\/09\\\/herois-hta-triplo.png\",\"datePublished\":\"2025-12-04T10:23:26+00:00\",\"dateModified\":\"2025-12-04T11:53:14+00:00\",\"breadcrumb\":{\"@id\":\"https:\\\/\\\/guardioesdasaude.pt\\\/?page_id=171#breadcrumb\"},\"inLanguage\":\"pt-PT\",\"potentialAction\":[{\"@type\":\"ReadAction\",\"target\":[\"https:\\\/\\\/guardioesdasaude.pt\\\/?page_id=171\"]}]},{\"@type\":\"ImageObject\",\"inLanguage\":\"pt-PT\",\"@id\":\"https:\\\/\\\/guardioesdasaude.pt\\\/?page_id=171#primaryimage\",\"url\":\"https:\\\/\\\/guardioesdasaude.pt\\\/wp-content\\\/uploads\\\/2025\\\/09\\\/herois-hta-triplo.png\",\"contentUrl\":\"https:\\\/\\\/guardioesdasaude.pt\\\/wp-content\\\/uploads\\\/2025\\\/09\\\/herois-hta-triplo.png\",\"width\":650,\"height\":624},{\"@type\":\"BreadcrumbList\",\"@id\":\"https:\\\/\\\/guardioesdasaude.pt\\\/?page_id=171#breadcrumb\",\"itemListElement\":[{\"@type\":\"ListItem\",\"position\":1,\"name\":\"In\u00edcio\",\"item\":\"https:\\\/\\\/guardioesdasaude.pt\\\/\"},{\"@type\":\"ListItem\",\"position\":2,\"name\":\"Registo\"}]},{\"@type\":\"WebSite\",\"@id\":\"https:\\\/\\\/guardioesdasaude.pt\\\/#website\",\"url\":\"https:\\\/\\\/guardioesdasaude.pt\\\/\",\"name\":\"Guardi\u00f5es da Sa\u00fade - Literacia em HTA\",\"description\":\"Promovemos a literacia sobre Hipertens\u00e3o Arterial atrav\u00e9s de e-Books inovadores, divertidos e interativos para crian\u00e7as dos 5 aos 10 anos.\",\"publisher\":{\"@id\":\"https:\\\/\\\/guardioesdasaude.pt\\\/#organization\"},\"alternateName\":\"Prevenir a HTA come\u00e7a cedo!\",\"potentialAction\":[{\"@type\":\"SearchAction\",\"target\":{\"@type\":\"EntryPoint\",\"urlTemplate\":\"https:\\\/\\\/guardioesdasaude.pt\\\/?s={search_term_string}\"},\"query-input\":{\"@type\":\"PropertyValueSpecification\",\"valueRequired\":true,\"valueName\":\"search_term_string\"}}],\"inLanguage\":\"pt-PT\"},{\"@type\":\"Organization\",\"@id\":\"https:\\\/\\\/guardioesdasaude.pt\\\/#organization\",\"name\":\"Guardi\u00f5es da Sa\u00fade - Literacia em HTA\",\"alternateName\":\"Prevenir a HTA come\u00e7a cedo!\",\"url\":\"https:\\\/\\\/guardioesdasaude.pt\\\/\",\"logo\":{\"@type\":\"ImageObject\",\"inLanguage\":\"pt-PT\",\"@id\":\"https:\\\/\\\/guardioesdasaude.pt\\\/#\\\/schema\\\/logo\\\/image\\\/\",\"url\":\"https:\\\/\\\/guardioesdasaude.pt\\\/wp-content\\\/uploads\\\/2025\\\/09\\\/cropped-herois-hta-triplo.png\",\"contentUrl\":\"https:\\\/\\\/guardioesdasaude.pt\\\/wp-content\\\/uploads\\\/2025\\\/09\\\/cropped-herois-hta-triplo.png\",\"width\":650,\"height\":624,\"caption\":\"Guardi\u00f5es da Sa\u00fade - Literacia em HTA\"},\"image\":{\"@id\":\"https:\\\/\\\/guardioesdasaude.pt\\\/#\\\/schema\\\/logo\\\/image\\\/\"}}]}<\/script>\n<!-- \/ Yoast SEO plugin. -->","yoast_head_json":{"title":"Registo - Guardi\u00f5es da Sa\u00fade","robots":{"index":"index","follow":"follow","max-snippet":"max-snippet:-1","max-image-preview":"max-image-preview:large","max-video-preview":"max-video-preview:-1"},"canonical":"https:\/\/guardioesdasaude.pt\/?page_id=171","og_locale":"pt_PT","og_type":"article","og_title":"Registo - Guardi\u00f5es da Sa\u00fade","og_description":"Registo Fa\u00e7a o seu registo aqui","og_url":"https:\/\/guardioesdasaude.pt\/?page_id=171","og_site_name":"Guardi\u00f5es da Sa\u00fade","article_modified_time":"2025-12-04T11:53:14+00:00","og_image":[{"width":650,"height":624,"url":"https:\/\/guardioesdasaude.pt\/wp-content\/uploads\/2025\/09\/herois-hta-triplo.png","type":"image\/png"}],"twitter_card":"summary_large_image","schema":{"@context":"https:\/\/schema.org","@graph":[{"@type":"WebPage","@id":"https:\/\/guardioesdasaude.pt\/?page_id=171","url":"https:\/\/guardioesdasaude.pt\/?page_id=171","name":"Registo - Guardi\u00f5es da Sa\u00fade","isPartOf":{"@id":"https:\/\/guardioesdasaude.pt\/#website"},"primaryImageOfPage":{"@id":"https:\/\/guardioesdasaude.pt\/?page_id=171#primaryimage"},"image":{"@id":"https:\/\/guardioesdasaude.pt\/?page_id=171#primaryimage"},"thumbnailUrl":"https:\/\/guardioesdasaude.pt\/wp-content\/uploads\/2025\/09\/herois-hta-triplo.png","datePublished":"2025-12-04T10:23:26+00:00","dateModified":"2025-12-04T11:53:14+00:00","breadcrumb":{"@id":"https:\/\/guardioesdasaude.pt\/?page_id=171#breadcrumb"},"inLanguage":"pt-PT","potentialAction":[{"@type":"ReadAction","target":["https:\/\/guardioesdasaude.pt\/?page_id=171"]}]},{"@type":"ImageObject","inLanguage":"pt-PT","@id":"https:\/\/guardioesdasaude.pt\/?page_id=171#primaryimage","url":"https:\/\/guardioesdasaude.pt\/wp-content\/uploads\/2025\/09\/herois-hta-triplo.png","contentUrl":"https:\/\/guardioesdasaude.pt\/wp-content\/uploads\/2025\/09\/herois-hta-triplo.png","width":650,"height":624},{"@type":"BreadcrumbList","@id":"https:\/\/guardioesdasaude.pt\/?page_id=171#breadcrumb","itemListElement":[{"@type":"ListItem","position":1,"name":"In\u00edcio","item":"https:\/\/guardioesdasaude.pt\/"},{"@type":"ListItem","position":2,"name":"Registo"}]},{"@type":"WebSite","@id":"https:\/\/guardioesdasaude.pt\/#website","url":"https:\/\/guardioesdasaude.pt\/","name":"Guardi\u00f5es da Sa\u00fade - Literacia em HTA","description":"Promovemos a literacia sobre Hipertens\u00e3o Arterial atrav\u00e9s de e-Books inovadores, divertidos e interativos para crian\u00e7as dos 5 aos 10 anos.","publisher":{"@id":"https:\/\/guardioesdasaude.pt\/#organization"},"alternateName":"Prevenir a HTA come\u00e7a cedo!","potentialAction":[{"@type":"SearchAction","target":{"@type":"EntryPoint","urlTemplate":"https:\/\/guardioesdasaude.pt\/?s={search_term_string}"},"query-input":{"@type":"PropertyValueSpecification","valueRequired":true,"valueName":"search_term_string"}}],"inLanguage":"pt-PT"},{"@type":"Organization","@id":"https:\/\/guardioesdasaude.pt\/#organization","name":"Guardi\u00f5es da Sa\u00fade - Literacia em HTA","alternateName":"Prevenir a HTA come\u00e7a cedo!","url":"https:\/\/guardioesdasaude.pt\/","logo":{"@type":"ImageObject","inLanguage":"pt-PT","@id":"https:\/\/guardioesdasaude.pt\/#\/schema\/logo\/image\/","url":"https:\/\/guardioesdasaude.pt\/wp-content\/uploads\/2025\/09\/cropped-herois-hta-triplo.png","contentUrl":"https:\/\/guardioesdasaude.pt\/wp-content\/uploads\/2025\/09\/cropped-herois-hta-triplo.png","width":650,"height":624,"caption":"Guardi\u00f5es da Sa\u00fade - Literacia em HTA"},"image":{"@id":"https:\/\/guardioesdasaude.pt\/#\/schema\/logo\/image\/"}}]}},"_links":{"self":[{"href":"https:\/\/guardioesdasaude.pt\/index.php?rest_route=\/wp\/v2\/pages\/171","targetHints":{"allow":["GET"]}}],"collection":[{"href":"https:\/\/guardioesdasaude.pt\/index.php?rest_route=\/wp\/v2\/pages"}],"about":[{"href":"https:\/\/guardioesdasaude.pt\/index.php?rest_route=\/wp\/v2\/types\/page"}],"author":[{"embeddable":true,"href":"https:\/\/guardioesdasaude.pt\/index.php?rest_route=\/wp\/v2\/users\/1"}],"replies":[{"embeddable":true,"href":"https:\/\/guardioesdasaude.pt\/index.php?rest_route=%2Fwp%2Fv2%2Fcomments&post=171"}],"version-history":[{"count":0,"href":"https:\/\/guardioesdasaude.pt\/index.php?rest_route=\/wp\/v2\/pages\/171\/revisions"}],"wp:attachment":[{"href":"https:\/\/guardioesdasaude.pt\/index.php?rest_route=%2Fwp%2Fv2%2Fmedia&parent=171"}],"curies":[{"name":"wp","href":"https:\/\/api.w.org\/{rel}","templated":true}]}}